{"id":14,"date":"2017-11-01T12:07:39","date_gmt":"2017-11-01T12:07:39","guid":{"rendered":"https:\/\/plethorathemes.com\/boilerplate\/maindemo\/?page_id=14"},"modified":"2024-12-19T10:33:10","modified_gmt":"2024-12-19T09:33:10","slug":"the-band","status":"publish","type":"page","link":"https:\/\/supersonicband.ch\/index.php\/the-band\/","title":{"rendered":"Band"},"content":{"rendered":"<section class=\"wpb-content-wrapper\"><p>[vc_row transparent=&#187;transparent&#187; row_padding_top=&#187;padding_top_1-2&#8243; row_padding_bottom=&#187;padding_bottom_none&#187; post_type=&#187;&#187; help=&#187;&#187;][vc_column]<div class=\"ple_anypostloop_shortcode wpb_content_element  \"><div id=\"grid_59f9b8d25de0b\" class=\"grid_wrapper strict_grid grid_profile_card_vertical row clearfix\">\r\n        <div class=\"profile_post_listed grid_item grid_sizer col-md-4 col-sm-6 col-xs-12 \">\r\n                <div class=\"profile_post_item_wrapper  \">\r\n                        <div class=\"profile_post_item_media\">\r\n                                <a href=\"https:\/\/supersonicband.ch\/index.php\/profile\/rolf-meili\/\" target=\"_parent\" class=\"\">\r\n\r\n                                        <figure>\r\n                                                <img decoding=\"async\" src=\"https:\/\/supersonicband.ch\/wp-content\/uploads\/2018\/08\/Rolf_BW_2-1024x576.jpg\" srcset=\"https:\/\/supersonicband.ch\/wp-content\/uploads\/2018\/08\/Rolf_BW_2.jpg 1600w, https:\/\/supersonicband.ch\/wp-content\/uploads\/2018\/08\/Rolf_BW_2-300x169.jpg 300w, https:\/\/supersonicband.ch\/wp-content\/uploads\/2018\/08\/Rolf_BW_2-768x432.jpg 768w, https:\/\/supersonicband.ch\/wp-content\/uploads\/2018\/08\/Rolf_BW_2-1024x576.jpg 1024w\"  alt=\"Rolf Meili\">\r\n                                        <\/figure>\r\n\r\n                                <\/a>\r\n                        <\/div>\r\n                        <div class=\"profile_post_item_text white_section  text-center\">\r\n                                        <h4 class=\"textify_links\">\r\n                                                <a href=\"https:\/\/supersonicband.ch\/index.php\/profile\/rolf-meili\/\" target=\"_parent\" class=\"\">\r\n                                                Rolf Meili\r\n                                                <\/a>\r\n                                        <\/h4>\r\n                                        <p class=\"profile_post_item_subtitle\">Gesang<\/p>\r\n                                        <p class=\"profile_post_item_quote\">Wir sind wieder bereit, mit euch zusammen die B\u00fchnen der Welt (Schweiz) zu rocken!!<\/p>\r\n                        <\/div>\r\n                                <a href=\"https:\/\/supersonicband.ch\/index.php\/profile\/rolf-meili\/\" target=\"_parent\" class=\" profile_post_item_btn btn-sm btn-primary\">Mehr<\/a>\r\n                <\/div>\r\n        <\/div>\r\n        <div class=\"profile_post_listed grid_item grid_sizer col-md-4 col-sm-6 col-xs-12 \">\r\n                <div class=\"profile_post_item_wrapper  \">\r\n                        <div class=\"profile_post_item_media\">\r\n                                <a href=\"https:\/\/supersonicband.ch\/index.php\/profile\/daniel-suter\/\" target=\"_parent\" class=\"\">\r\n\r\n                                        <figure>\r\n                                                <img decoding=\"async\" src=\"https:\/\/supersonicband.ch\/wp-content\/uploads\/2018\/05\/Suti_BW-1024x576.jpg\" srcset=\"https:\/\/supersonicband.ch\/wp-content\/uploads\/2018\/05\/Suti_BW.jpg 3543w, https:\/\/supersonicband.ch\/wp-content\/uploads\/2018\/05\/Suti_BW-300x169.jpg 300w, https:\/\/supersonicband.ch\/wp-content\/uploads\/2018\/05\/Suti_BW-768x432.jpg 768w, https:\/\/supersonicband.ch\/wp-content\/uploads\/2018\/05\/Suti_BW-1024x576.jpg 1024w, https:\/\/supersonicband.ch\/wp-content\/uploads\/2018\/05\/Suti_BW-1600x900.jpg 1600w\"  alt=\"Daniel Suter\">\r\n                                        <\/figure>\r\n\r\n                                <\/a>\r\n                        <\/div>\r\n                        <div class=\"profile_post_item_text white_section  text-center\">\r\n                                        <h4 class=\"textify_links\">\r\n                                                <a href=\"https:\/\/supersonicband.ch\/index.php\/profile\/daniel-suter\/\" target=\"_parent\" class=\"\">\r\n                                                Daniel Suter\r\n                                                <\/a>\r\n                                        <\/h4>\r\n                                        <p class=\"profile_post_item_subtitle\">Keyboard, Hammond & Gesang<\/p>\r\n                                        <p class=\"profile_post_item_quote\">Nach einer dreij\u00e4hrigen Pause ist die Zeit \u00fcber(schall) reif f\u00fcr einen musikalischen Neuanfang mit Supersonic.<\/p>\r\n                        <\/div>\r\n                                <a href=\"https:\/\/supersonicband.ch\/index.php\/profile\/daniel-suter\/\" target=\"_parent\" class=\" profile_post_item_btn btn-sm btn-primary\">Mehr<\/a>\r\n                <\/div>\r\n        <\/div>\r\n        <div class=\"profile_post_listed grid_item grid_sizer col-md-4 col-sm-6 col-xs-12 \">\r\n                <div class=\"profile_post_item_wrapper  \">\r\n                        <div class=\"profile_post_item_media\">\r\n                                <a href=\"https:\/\/supersonicband.ch\/index.php\/profile\/pier-palu\/\" target=\"_parent\" class=\"\">\r\n\r\n                                        <figure>\r\n                                                <img decoding=\"async\" src=\"https:\/\/supersonicband.ch\/wp-content\/uploads\/2019\/12\/Pier_BW-1024x576.jpeg\" srcset=\"https:\/\/supersonicband.ch\/wp-content\/uploads\/2019\/12\/Pier_BW-scaled.jpeg 2560w, https:\/\/supersonicband.ch\/wp-content\/uploads\/2019\/12\/Pier_BW-300x169.jpeg 300w, https:\/\/supersonicband.ch\/wp-content\/uploads\/2019\/12\/Pier_BW-1024x576.jpeg 1024w, https:\/\/supersonicband.ch\/wp-content\/uploads\/2019\/12\/Pier_BW-768x432.jpeg 768w, https:\/\/supersonicband.ch\/wp-content\/uploads\/2019\/12\/Pier_BW-1536x864.jpeg 1536w, https:\/\/supersonicband.ch\/wp-content\/uploads\/2019\/12\/Pier_BW-2048x1152.jpeg 2048w, https:\/\/supersonicband.ch\/wp-content\/uploads\/2019\/12\/Pier_BW-1600x900.jpeg 1600w\"  alt=\"Pier Palu\">\r\n                                        <\/figure>\r\n\r\n                                <\/a>\r\n                        <\/div>\r\n                        <div class=\"profile_post_item_text white_section  text-center\">\r\n                                        <h4 class=\"textify_links\">\r\n                                                <a href=\"https:\/\/supersonicband.ch\/index.php\/profile\/pier-palu\/\" target=\"_parent\" class=\"\">\r\n                                                Pier Palu\r\n                                                <\/a>\r\n                                        <\/h4>\r\n                                        <p class=\"profile_post_item_subtitle\">Gitarre<\/p>\r\n                                        <p class=\"profile_post_item_quote\">Auf Wunsch seines Vaters absolvierte er eine vierj\u00e4hrige Sanit\u00e4rlehre, seine Liebe zur Musik ging jedoch nicht verloren.<\/p>\r\n                        <\/div>\r\n                                <a href=\"https:\/\/supersonicband.ch\/index.php\/profile\/pier-palu\/\" target=\"_parent\" class=\" profile_post_item_btn btn-sm btn-primary\">Mehr<\/a>\r\n                <\/div>\r\n        <\/div>\r\n        <div class=\"profile_post_listed grid_item grid_sizer col-md-4 col-sm-6 col-xs-12 \">\r\n                <div class=\"profile_post_item_wrapper  \">\r\n                        <div class=\"profile_post_item_media\">\r\n                                <a href=\"https:\/\/supersonicband.ch\/index.php\/profile\/daniele-nicosia\/\" target=\"_parent\" class=\"\">\r\n\r\n                                        <figure>\r\n                                                <img decoding=\"async\" src=\"https:\/\/supersonicband.ch\/wp-content\/uploads\/2018\/05\/Daniele_BW_2-1024x576.jpg\" srcset=\"https:\/\/supersonicband.ch\/wp-content\/uploads\/2018\/05\/Daniele_BW_2.jpg 3873w, https:\/\/supersonicband.ch\/wp-content\/uploads\/2018\/05\/Daniele_BW_2-300x169.jpg 300w, https:\/\/supersonicband.ch\/wp-content\/uploads\/2018\/05\/Daniele_BW_2-768x432.jpg 768w, https:\/\/supersonicband.ch\/wp-content\/uploads\/2018\/05\/Daniele_BW_2-1024x576.jpg 1024w, https:\/\/supersonicband.ch\/wp-content\/uploads\/2018\/05\/Daniele_BW_2-1600x900.jpg 1600w\"  alt=\"Daniele Nicosia\">\r\n                                        <\/figure>\r\n\r\n                                <\/a>\r\n                        <\/div>\r\n                        <div class=\"profile_post_item_text white_section  text-center\">\r\n                                        <h4 class=\"textify_links\">\r\n                                                <a href=\"https:\/\/supersonicband.ch\/index.php\/profile\/daniele-nicosia\/\" target=\"_parent\" class=\"\">\r\n                                                Daniele Nicosia\r\n                                                <\/a>\r\n                                        <\/h4>\r\n                                        <p class=\"profile_post_item_subtitle\">Schlagzeug<\/p>\r\n                                        <p class=\"profile_post_item_quote\">Mein Ziel beim Musikmachen ist es, in Harmonie mit meinen Supersonic-Kollegen unseren Songs einen soliden Groove zu geben und dem Publikum einen guten Sound zu bieten.<\/p>\r\n                        <\/div>\r\n                                <a href=\"https:\/\/supersonicband.ch\/index.php\/profile\/daniele-nicosia\/\" target=\"_parent\" class=\" profile_post_item_btn btn-sm btn-primary\">Mehr<\/a>\r\n                <\/div>\r\n        <\/div>\r\n        <div class=\"profile_post_listed grid_item grid_sizer col-md-4 col-sm-6 col-xs-12 \">\r\n                <div class=\"profile_post_item_wrapper  \">\r\n                        <div class=\"profile_post_item_media\">\r\n                                <a href=\"https:\/\/supersonicband.ch\/index.php\/profile\/josep-molina\/\" target=\"_parent\" class=\"\">\r\n\r\n                                        <figure>\r\n                                                <img decoding=\"async\" src=\"https:\/\/supersonicband.ch\/wp-content\/uploads\/2024\/10\/Josep-689x1024.jpg\" srcset=\"https:\/\/supersonicband.ch\/wp-content\/uploads\/2024\/10\/Josep.jpg 899w, https:\/\/supersonicband.ch\/wp-content\/uploads\/2024\/10\/Josep-202x300.jpg 202w, https:\/\/supersonicband.ch\/wp-content\/uploads\/2024\/10\/Josep-689x1024.jpg 689w, https:\/\/supersonicband.ch\/wp-content\/uploads\/2024\/10\/Josep-768x1142.jpg 768w\"  alt=\"Josep Molina\">\r\n                                        <\/figure>\r\n\r\n                                <\/a>\r\n                        <\/div>\r\n                        <div class=\"profile_post_item_text white_section  text-center\">\r\n                                        <h4 class=\"textify_links\">\r\n                                                <a href=\"https:\/\/supersonicband.ch\/index.php\/profile\/josep-molina\/\" target=\"_parent\" class=\"\">\r\n                                                Josep Molina\r\n                                                <\/a>\r\n                                        <\/h4>\r\n                                        <p class=\"profile_post_item_subtitle\">Bassgitarre, Gitarre, Ukulele<\/p>\r\n                                        <p class=\"profile_post_item_quote\">Er f\u00fchlt sich in einer fast unersch\u00f6pflichen Vielfalt von Musikstilen zuhause         <\/p>\r\n                        <\/div>\r\n                                <a href=\"https:\/\/supersonicband.ch\/index.php\/profile\/josep-molina\/\" target=\"_parent\" class=\" profile_post_item_btn btn-sm btn-primary\">Mehr<\/a>\r\n                <\/div>\r\n        <\/div>\r\n<\/div><\/div>[\/vc_column][\/vc_row][vc_row full_width=&#187;stretch_row&#187; row_padding_top=&#187;padding_top_1-2&#8243; post_type=&#187;&#187; tri_ulsw=&#187;50&#8243; tri_ursw=&#187;50&#8243; tri_blsw=&#187;50&#8243; tri_brsw=&#187;50&#8243; tri_bls=&#187;#f7f6f1&#8243; tri_brs=&#187;#f7f6f1&#8243;][vc_column width=&#187;1\/2&#8243;][vc_single_image image=&#187;2423&#8243; img_size=&#187;large&#187; add_caption=&#187;yes&#187;][vc_column_text]<\/p>\n<blockquote><p>F\u00fcnf Musiker, eine gemeinsame Leidenschaft: Funk, Blues, Rock &#8211; und zwar immer mit \u00dcberschall.<\/p><\/blockquote>\n<p>[\/vc_column_text][\/vc_column][vc_column width=&#187;1\/2&#8243;]<div class=\"heading_group_sc wpb_content_element subtitle_bottom text-left has_line_divider\">\r\n\r\n\r\n\r\n    <h2>Bandbio<\/h2>\n\r\n\r\n         <div class=\"line_divider\"><\/div>     \r\n        <span class=\"subtitle\">Wer unsere Liebe f\u00fcr die schnellen Rhythmen und treibenden Sounds der 60er, 70er und 80er teilt und dazu auch noch eine energiegeladene Show erleben m\u00f6chte, kommt bei Supersonic garantiert auf seine Kosten.<\/span>\r\n\r\n<\/div>[vc_column_text]Gegr\u00fcndet haben wir unser Quintett anfangs 2018. Schon seit Jahren befreundet, haben unser Keyboarder Suti, Bassist Reto und S\u00e4nger Rolf p\u00fcnktlich zum Jahresbeginn beschlossen, eine neue Band ins Leben zu rufen. Die Motivation dazu l\u00e4sst sich ganz einfach erkl\u00e4ren: Alle drei k\u00f6nnen nicht lange ohne die Musik.[\/vc_column_text][vc_column_text]Suti hatte sich gerade eine Pause von der Musik geg\u00f6nnt; Reto und Rolf standen nach der Aufl\u00f6sung ihrer alten Kombo ohne Band da. Was tun also, wenn drei hungrige Musiker wieder auf die B\u00fchne wollen? Eine neue Band gr\u00fcnden, nat\u00fcrlich. Die fehlenden Mitstreiter, Daniele (Schlagzeug) und Nicolas (Gitarre) waren schnell gefunden. Die Truppe war somit komplett. Seit dem Start ins Jahr 2020 hat Pier den Posten von Nicolas \u00fcbernommen.<br \/>\nMitte 2024 hat sich unser Gr\u00fcndungsmitglied und Bassist Reto, f\u00fcr eine Auszeit von der Musik entschieden. Mit Josep Molina haben wir einen versierten und w\u00fcrdigen Nachfolger gefunden.[\/vc_column_text][vc_column_text]Die Passion f\u00fcr rockige, bluesige und funkige Schallwellen verbindet die f\u00fcnf Musiker und bildet den Grundstein von Supersonic.[\/vc_column_text][\/vc_column][vc_column][vc_empty_space][\/vc_column][\/vc_row]<\/p>\n<\/section>","protected":false},"excerpt":{"rendered":"<p>[vc_row transparent=&#187;transparent&#187; row_padding_top=&#187;padding_top_1-2&#8243; row_padding_bottom=&#187;padding_bottom_none&#187; post_type=&#187;&#187; help=&#187;&#187;][vc_column][\/vc_column][\/vc_row][vc_row full_width=&#187;stretch_row&#187; row_padding_top=&#187;padding_top_1-2&#8243; post_type=&#187;&#187; tri_ulsw=&#187;50&#8243; tri_ursw=&#187;50&#8243; tri_blsw=&#187;50&#8243; tri_brsw=&#187;50&#8243; tri_bls=&#187;#f7f6f1&#8243; tri_brs=&#187;#f7f6f1&#8243;][vc_column width=&#187;1\/2&#8243;][vc_single_image image=&#187;2423&#8243; img_size=&#187;large&#187; add_caption=&#187;yes&#187;][vc_column_text] F\u00fcnf Musiker, eine gemeinsame Leidenschaft: Funk, Blues, Rock &#8211; und zwar immer mit \u00dcberschall. [\/vc_column_text][\/vc_column][vc_column width=&#187;1\/2&#8243;][vc_column_text]Gegr\u00fcndet haben wir unser Quintett anfangs 2018. Schon seit Jahren befreundet, haben unser Keyboarder Suti, Bassist Reto und S\u00e4nger Rolf p\u00fcnktlich [&hellip;]<\/p>\n","protected":false},"author":1,"featured_media":0,"parent":0,"menu_order":0,"comment_status":"closed","ping_status":"closed","template":"","meta":{"footnotes":""},"class_list":["post-14","page","type-page","status-publish","hentry"],"_links":{"self":[{"href":"https:\/\/supersonicband.ch\/index.php\/wp-json\/wp\/v2\/pages\/14","targetHints":{"allow":["GET"]}}],"collection":[{"href":"https:\/\/supersonicband.ch\/index.php\/wp-json\/wp\/v2\/pages"}],"about":[{"href":"https:\/\/supersonicband.ch\/index.php\/wp-json\/wp\/v2\/types\/page"}],"author":[{"embeddable":true,"href":"https:\/\/supersonicband.ch\/index.php\/wp-json\/wp\/v2\/users\/1"}],"replies":[{"embeddable":true,"href":"https:\/\/supersonicband.ch\/index.php\/wp-json\/wp\/v2\/comments?post=14"}],"version-history":[{"count":51,"href":"https:\/\/supersonicband.ch\/index.php\/wp-json\/wp\/v2\/pages\/14\/revisions"}],"predecessor-version":[{"id":2427,"href":"https:\/\/supersonicband.ch\/index.php\/wp-json\/wp\/v2\/pages\/14\/revisions\/2427"}],"wp:attachment":[{"href":"https:\/\/supersonicband.ch\/index.php\/wp-json\/wp\/v2\/media?parent=14"}],"curies":[{"name":"wp","href":"https:\/\/api.w.org\/{rel}","templated":true}]}}